{"id":305,"date":"2021-06-20T19:51:20","date_gmt":"2021-06-20T17:51:20","guid":{"rendered":"https:\/\/traveljunky.de\/?page_id=305"},"modified":"2021-06-20T19:57:56","modified_gmt":"2021-06-20T17:57:56","slug":"datenschutz","status":"publish","type":"page","link":"https:\/\/traveljunky.de\/?page_id=305","title":{"rendered":"Datenschutz"},"content":{"rendered":"\n<p>Erhebung und Verarbeitung personen\u00adbezogener Daten<\/p>\n\n\n\n<p>Datenschutzinformationen f\u00fcr alle Vertragspartner (Kunden, Interessenten, Lieferanten, etc.) der<\/p>\n\n\n\n<p><strong>Traveljunky GbR&nbsp;&nbsp;&nbsp;&nbsp; <\/strong>gem\u00e4\u00df der:<\/p>\n\n\n\n<ul><li>Art. 13 DSGVO | Informationspflicht bei Erhebung von personenbezogenen Daten bei der betroffenen Person<\/li><li>Art. 14 DSGVO | Informationspflicht, wenn die personenbezogenen Daten nicht bei der betroffenen Person erhoben wurden<\/li><li>Art. 21 DSGVO | Widerspruchsrecht<\/li><\/ul>\n\n\n\n<p>Version 1.2 | Stand 17.03.2021<\/p>\n\n\n\n<p>Die folgenden Datenschutzinformationen sollen Ihnen die Erhebung und die Verarbeitung von personen\u00adbe\u00adzogenen Daten (folgend pers. Daten genannt) in unserem Unter\u00adnehmen erl\u00e4utern, einschlie\u00dflich Ihrer diesbez\u00fcglichen Rechte. Eingeschlossen in alle \u00dcberlegungen sind auch, immer unsere Au\u00dfenstellen, unsere externen Dienst\u00adleister und unsere Koop\u00ader\u00adations\u00adpartner, die je nach Anforderung, Verkaufs- oder Abrechnungsstelle zur Angebots-, Vertrags- und\/oder zur Leistungserf\u00fcllung notwendig sind. Welche pers. Daten im individuellen Fall erhoben und wie diese verarbeitet werden, h\u00e4ngt immer auch von Ihren individuellen Anforderungen ab. Um dem Prinzip <em>Daten\u00adminimierung<\/em> gerecht zu werden, wird die Verarbeitung immer dem Zweck angemessen und auf ein notwendiges Ma\u00df beschr\u00e4nkt. Um eine maximale Transparenz der Erhebung und Verarbeitung zu gew\u00e4hrleisten und Sie bestm\u00f6glich zu informieren, nehmen Sie bitte nachstehende Information zu Kenntnis.<\/p>\n\n\n\n<p><strong>Verantwortliche Stelle f\u00fcr den Datenschutz<\/strong><\/p>\n\n\n\n<p><strong>Traveljunky GbR<\/strong><\/p>\n\n\n\n<p>Industriestrasse 2, 33161 H\u00f6velhof<\/p>\n\n\n\n<p>Telefon: &nbsp;&nbsp;&nbsp;&nbsp;&nbsp;&nbsp;&nbsp;&nbsp;&nbsp;&nbsp;&nbsp;&nbsp;&nbsp;&nbsp;&nbsp;&nbsp;&nbsp;&nbsp;&nbsp;&nbsp; 05257 935 7928&nbsp;&nbsp;&nbsp;&nbsp;&nbsp;&nbsp;&nbsp;&nbsp;&nbsp;&nbsp;&nbsp;&nbsp;&nbsp;&nbsp;<\/p>\n\n\n\n<p>www \/ E-Mail:&nbsp;&nbsp;&nbsp;&nbsp;&nbsp;&nbsp;&nbsp;&nbsp;&nbsp; www.traveljunky.de&nbsp;&nbsp;&nbsp;&nbsp;&nbsp;&nbsp;&nbsp;&nbsp; info@traveljunky.de<\/p>\n\n\n\n<p><strong>Angaben zum Vertreter der verantwortlichen Stelle<\/strong><\/p>\n\n\n\n<p><strong>Dieter Sonntag und Stefan Koch<\/strong> (Inhaber der Traveljunky GbR).&nbsp;<\/p>\n\n\n\n<p><strong>Datenschutzbeauftragter<\/strong><\/p>\n\n\n\n<p>Aufgrund der Firmengr\u00f6\u00dfe ist die Bestellung eines Datenschutzbeauftragten f\u00fcr uns nicht verpflichtend.<\/p>\n\n\n\n<p><strong>Art, Zweck und <\/strong><strong>Rechtsgrundlage<\/strong><strong><\/strong><\/p>\n\n\n\n<p>Grundlage f\u00fcr die Verarbeitung von pers. Daten ist die Daten\u00adschutz\u00adgrund\u00adver\u00adord\u00adnung (DSGVO), das Bundes\u00addatenschutzgesetz (BDSG) und anderen relevanten Daten\u00adschutz\u00advor\u00adschriften in den jeweils aktuell g\u00fcltigen Fassungen, sofern dies zur Erf\u00fcll\u00adung Ihrer Anforderungen erforderlich ist.<\/p>\n\n\n\n<p><strong>Daten oder Daten-Kategorien, die von uns verarbeitet werden<\/strong><\/p>\n\n\n\n<p>Wir verarbeiten pers. Daten vorrangig f\u00fcr vorvertragliche Ma\u00df\u00adnahmen oder zur Leistungserf\u00fcllung. Hierbei kann es sich um Ihrer pers. Daten aber auch um Daten von Personen Ihres Unternehmens handeln. Hinzu kom\u00admen alle Daten, die uns im Rahmen der Zusammenarbeit \u00fcbermittelt werden. Beispiele:<\/p>\n\n\n\n<ul><li>Personendaten (Name, Geschlecht, Geburtsdaten, Beruf\/Branche, etc.)<\/li><li>Kontaktdaten (Firma, Adresse, Email-Adressen, Telefonnummern, etc.)<\/li><li>Zahlungs- und Finanzdaten (Bankverbindungen, etc.)<\/li><li>Kommunikationsdaten (E-Mails, Gespr\u00e4chsnotizen, etc.)<\/li><li>Daten zur Auftragshistorie (An-\/Verk\u00e4ufe, Buchungshistorie, etc.)<\/li><\/ul>\n\n\n\n<p><strong>Rechtsgrundlage f\u00fcr die Verarbeitung pers. Daten <\/strong>ist der Art. 6 Abs. 1 lit. b DSGVO (f\u00fcr Zwecke der Gesch\u00e4ftsdurchf\u00fchrung bzw. Gesch\u00e4ftsanbahnung). Falls Sie uns eine Einwilligung zur Verarbeitung Ihrer pers. Daten f\u00fcr bestimmte Zwecke, z. B. f\u00fcr die Weitergabe an Dritte oder f\u00fcr eine werbliche Ansprache per E-Mail, erteilt ha\u00adben, ist die Rechtm\u00e4\u00dfigkeit laut Art. 6 Abs. 1 lit. a DSGVO gegeben. Zus\u00e4tzlich k\u00f6nnen pers. Daten zur Erf\u00fcllung rechtlicher Verpflichtungen (Art. 6 Abs. 1 lit. c DSGVO) \u00fcber den eigentlichen Vertragszweck hinaus erhoben und ver\u00adar\u00adbei\u00adtet werden. Soweit eventuell weitere Daten nicht unmittelbar f\u00fcr die Durchf\u00fchrung des Gesch\u00e4fts\u00adver\u00adh\u00e4ltnisses erforderlich sind, st\u00fctzt sich die Verarbeitung auf ein berechtigtes In\u00adter\u00adesse unsererseits (Art. 6 Abs.1 lit. f DSGVO), welches sich z. B. aus Organisations- und Verwaltungszwecken ergeben. Eine Verarbeitung der Daten ist hier zul\u00e4ssig, wenn nicht der Schutz Ihrer Interessen, Grundrechte und Grundfreiheiten \u00fcberwiegt.<\/p>\n\n\n\n<p><strong>Herkunft Ihrer personenbezogenen Daten<\/strong><\/p>\n\n\n\n<p>Bei einer An\u00adfrage \/ Bestellung \u00fcber Dritte, werden uns alle notwen\u00addigen Daten zur Leis\u00adtungs\u00aderf\u00fcllung \u00fcbermittelt. Falls auch in Ihrem Fall eine \u00dcbermittlung statt\u00adge\u00adfun\u00adden hat, teilen wir Ihnen dies auf Anfrage gerne f\u00fcr jeden einzelnen Vorgang mit.<\/p>\n\n\n\n<p><strong>Empf\u00e4nger und \u00dcbermittlung pers. Daten<\/strong><\/p>\n\n\n\n<p>Empf\u00e4nger von pers. Daten sind alle Mitarbeiter\/innen unseres Unternehmens, die zu Vert\u00adragserf\u00fcllung, der Erf\u00fcllung gesetzlicher Pflichten oder der Wahrung be\u00adrech\u00adt\u00adig\u00adter Interessen notwendig sind. Auch von uns eingesetzte Dienstleister k\u00f6nnen im Rahmen einer Auftrags\u00adver\u00adarbeitung gem. Art. 28 DSGVO Empf\u00e4nger von pers. Daten sein. Eine \u00dcbermittlung von pers. Daten an weitere externe Stellen erfolgt ansonsten nur, wenn dies durch eine Rechtsnorm vorgeschrieben oder zur Erf\u00fcllung des abge\u00adschlossenen Vertrag\u00ades erforderlich ist. Potentielle Empf\u00e4nger Ihrer pers. Daten sind:<\/p>\n\n\n\n<ul><li>Unternehmen oder Personen die zur Vertragserf\u00fcllung notwendig sind.<\/li><li>Unternehmen zur Erf\u00fcllung rechtlicher Vorgaben (ext. Steuerberater, etc.),<\/li><\/ul>\n\n\n\n<p><strong>\u00dcbermittlungen<\/strong><strong> ins nicht europ\u00e4ische Ausland<\/strong><\/p>\n\n\n\n<p>Eine \u00dcbermittlung von pers. Daten ins nicht europ\u00e4ische Ausland oder an eine international t\u00e4tige Organisation findet nur mit Ihrer Einwilligung und auch nur dann statt, wenn dies zur Erf\u00fcllung eines Vertrages oder zur Durchf\u00fchrung vor\u00advertrag\u00adlicher Ma\u00dfnahmen erforderlich ist. Auch kann eine Weitergabe gesetzlich vorge\u00adschrieb\u00aden werden. Potentielle Empf\u00e4nger der Daten k\u00f6nnten u. a. Flug\u00adge\u00adsell\u00adschaft\u00aden, Hotels oder lokale Agenturen sein.<\/p>\n\n\n\n<p><strong>Dauer der Speicherung personenbezogener Daten<\/strong><\/p>\n\n\n\n<p>Wenn m\u00f6glich verarbeiten wir pers. Daten nur f\u00fcr die Dauer der Gesch\u00e4fts\u00adbe\u00adzieh\u00adung. Dies umfasst auch die An\u00adbah\u00adnung und Abwicklung eines Vertrags, bzw. die Er\u00adbring\u00adung von Garantieleistungen. Dar\u00ad\u00fcber hinaus unterliegen wir verschie\u00adden\u00aden Aufbewahrungs- und Dokument\u00adat\u00adions\u00adpflichten, die sich u. a. aus dem Han\u00addels\u00adge\u00adsetzbuch (HGB), der Abgabenordnung (AO) und dem Ein\u00adkommen\u00ad\u00adsteuer\u00adgesetz (EStG) einschlie\u00dflich ergang\u00adener Rechts\u00advor\u00adschriften ergeben. Die vorge\u00adgeb\u00adenen Fristen be\u00adtra\u00adgen bis zu 10 Jahre \u00fcber das Ende der Gesch\u00e4ftsbeziehung bzw. des vorvertrag\u00adlichen Rechts\u00adverh\u00e4ltnisses hinaus. Letzt\u00adendlich beurteilt sich die Spei\u00adcher\u00ad\u00addauer aber auch nach den gesetzl. Ver\u00adj\u00e4hrungs\u00adfristen, die in der Regel drei Jahre, in gewissen F\u00e4llen aber auch bis zu 30 Jahre betragen k\u00f6nnen (\u00a7195 und \u00a7197 BGB). Pers. Daten von Interessenten ohne Vertragsabschluss werden sp\u00e4testens nach einem Jahr nach dem letzten Kontakt gel\u00f6scht. Auf Wunsch kann auch eine sofortige L\u00f6schung der pers. Daten geltend gemacht werden, es sei denn, die in diesem Abschnitt vorgenannten Gr\u00fcnde kommen zum Tragen.<\/p>\n\n\n\n<p><strong>Ihre Datenschutzrechte<\/strong><\/p>\n\n\n\n<p>Alle Ihre Datenschutzrechte sind in der DSGVO geregelt. Hierzu z\u00e4hlen das Recht auf Auskunft (Art. 15), Berichtigung (Art. 16), L\u00f6schung (Art. 17), Einschr\u00e4nkung der Verarbeitung (Art. 18), Mitteilung (Art. 19), Daten\u00fcbertragbarkeit (Art. 20) und dem Beschwerderecht bei einer Daten\u00adschutz\u00adauf\u00adsichtsbeh\u00f6rde (Art. 77).&nbsp;<\/p>\n\n\n\n<p><strong>Widerspruchsrecht <\/strong>| Auch erteilte Einwilligungen k\u00f6nnen jederzeit wiederrufen wer\u00adden (Art. 7). Hier ist allerdings zu beachten, dass ein Widerruf nur f\u00fcr zuk\u00fcnftige Ver\u00adar\u00adbeitungen wirksam wird! Soweit die Verarbeitung zur Wahrung berechtigter Interessen erfolgt, haben Sie das Recht, der Verarbeitung jederzeit zu wider\u00adsprechen, wenn sich aus der besonderen Situation Gr\u00fcnde er\u00adge\u00adben, die der Ver\u00adar\u00adbei\u00adtung entgegen\u00adstehen. Eine Verarbeitung findet dann nicht mehr statt, es sei denn, es gibt zwingende schutzw\u00fcrdige Gr\u00fcnde unsererseits. Diese m\u00fcssen Ihre In\u00adter\u00adessen, Rechte und Freiheiten \u00fcberwiegen, oder die Verarbeitung muss der Gelt\u00aden\u00addmachung, Aus\u00fcbung oder Verteidigung von Rechtsanspr\u00fcchen dienen.<\/p>\n\n\n\n<p>In Ein\u00adzel\u00adf\u00e4llen nutzen wir f\u00fcr eine schnelle Informationsweitergabe den Weg einer Direkt\u00adwer\u00adbung per E-Mail. Auch hier haben Sie jederzeit das Recht dieser Infor\u00adma\u00adtions\u00adweitergabe zu widersprechen. Aus einer Nicht\u00adein\u00adwilligung oder einem sp\u00e4teren Widerruf entste\u00adhen Ihnen keinerlei Nachteile.<\/p>\n\n\n\n<p>Sollten Sie Bedenken zur Erhebung und Verarbeitung Ihrer pers. Daten in unserem Unternehmen haben, stehen wir Ihnen w\u00e4hrend unserer B\u00fcrozeiten f\u00fcr Ausk\u00fcnfte jederzeit gerne zur Verf\u00fcgung. Dar\u00fcber hinaus hat jeder Betroffene jederzeit das Recht, sich an das <em>NRW Landesamt f\u00fcr Datenschutzaufsicht,<\/em>Kavalleriestr. 2-4, 40213 D\u00fcsseldorf, Tel. 0211 38424-0, poststelle@ldi.nrw.de, zu wenden und Beschwer\u00adde ein\u00adzu\u00adlegen.<\/p>\n\n\n\n<p><strong>Die Pflicht zur Bereitstellung pers. Daten<\/strong><\/p>\n\n\n\n<p>Eine Pflicht zur Bereitstellung pers. Daten besteht in unserem Unternehmen nicht. M\u00f6glicherweise kann aber ohne diese Daten die Vertrags- und Leistungserf\u00fcllung nicht vollumf\u00e4nglich gew\u00e4hr\u00adleistet werden.<strong><\/strong><\/p>\n\n\n\n<p><strong>Automatische Entscheidungsfindung (Art. 22 DSGVO)<\/strong><\/p>\n\n\n\n<ul><li>Wir nutzen keine Tools zur vollautomatisierten Entscheidungsfindung. Sollte sich das zuk\u00fcnftig \u00e4ndern, werden Sie aktiv von uns informiert.<\/li><\/ul>\n","protected":false},"excerpt":{"rendered":"<p>Erhebung und Verarbeitung personen\u00adbezogener Daten Datenschutzinformationen f\u00fcr alle Vertragspartner (Kunden, Interessenten, Lieferanten, etc.) der Traveljunky GbR&nbsp;&nbsp;&nbsp;&nbsp; gem\u00e4\u00df der: Art. 13 DSGVO | Informationspflicht bei Erhebung von personenbezogenen Daten bei der betroffenen Person Art. 14 DSGVO | Informationspflicht, wenn die personenbezogenen Daten nicht bei der betroffenen &hellip; <\/p>\n","protected":false},"author":1,"featured_media":0,"parent":0,"menu_order":0,"comment_status":"closed","ping_status":"closed","template":"","meta":[],"_links":{"self":[{"href":"https:\/\/traveljunky.de\/index.php?rest_route=\/wp\/v2\/pages\/305"}],"collection":[{"href":"https:\/\/traveljunky.de\/index.php?rest_route=\/wp\/v2\/pages"}],"about":[{"href":"https:\/\/traveljunky.de\/index.php?rest_route=\/wp\/v2\/types\/page"}],"author":[{"embeddable":true,"href":"https:\/\/traveljunky.de\/index.php?rest_route=\/wp\/v2\/users\/1"}],"replies":[{"embeddable":true,"href":"https:\/\/traveljunky.de\/index.php?rest_route=%2Fwp%2Fv2%2Fcomments&post=305"}],"version-history":[{"count":3,"href":"https:\/\/traveljunky.de\/index.php?rest_route=\/wp\/v2\/pages\/305\/revisions"}],"predecessor-version":[{"id":309,"href":"https:\/\/traveljunky.de\/index.php?rest_route=\/wp\/v2\/pages\/305\/revisions\/309"}],"wp:attachment":[{"href":"https:\/\/traveljunky.de\/index.php?rest_route=%2Fwp%2Fv2%2Fmedia&parent=305"}],"curies":[{"name":"wp","href":"https:\/\/api.w.org\/{rel}","templated":true}]}}