{"id":225,"date":"2020-11-20T18:56:32","date_gmt":"2020-11-20T17:56:32","guid":{"rendered":"http:\/\/traveljunky.de\/?page_id=225"},"modified":"2020-11-20T18:57:53","modified_gmt":"2020-11-20T17:57:53","slug":"mietanhaenger","status":"publish","type":"page","link":"https:\/\/traveljunky.de\/?page_id=225","title":{"rendered":"Mietanh\u00e4nger"},"content":{"rendered":"\n<p>Diese Seite befindet sich zur Zeit im Aufbau und steht in K\u00fcrze f\u00fcr Sie zur Verf\u00fcgung. Neben unseren Wohnmobilen bieten wir auch eine vielzahl von Anh\u00e4ngern an. Sollten Sie Fragen haben kontaktieren Sie uns doch per E-Mail: <a href=\"mailto:info@traveljunky.de\">info@traveljunky.de<\/a> <\/p>\n","protected":false},"excerpt":{"rendered":"<p>Diese Seite befindet sich zur Zeit im Aufbau und steht in K\u00fcrze f\u00fcr Sie zur Verf\u00fcgung. Neben unseren Wohnmobilen bieten wir auch eine vielzahl von Anh\u00e4ngern an. Sollten Sie Fragen haben kontaktieren Sie uns doch per E-Mail: info@traveljunky.de<\/p>\n","protected":false},"author":1,"featured_media":0,"parent":0,"menu_order":0,"comment_status":"closed","ping_status":"closed","template":"","meta":[],"_links":{"self":[{"href":"https:\/\/traveljunky.de\/index.php?rest_route=\/wp\/v2\/pages\/225"}],"collection":[{"href":"https:\/\/traveljunky.de\/index.php?rest_route=\/wp\/v2\/pages"}],"about":[{"href":"https:\/\/traveljunky.de\/index.php?rest_route=\/wp\/v2\/types\/page"}],"author":[{"embeddable":true,"href":"https:\/\/traveljunky.de\/index.php?rest_route=\/wp\/v2\/users\/1"}],"replies":[{"embeddable":true,"href":"https:\/\/traveljunky.de\/index.php?rest_route=%2Fwp%2Fv2%2Fcomments&post=225"}],"version-history":[{"count":1,"href":"https:\/\/traveljunky.de\/index.php?rest_route=\/wp\/v2\/pages\/225\/revisions"}],"predecessor-version":[{"id":226,"href":"https:\/\/traveljunky.de\/index.php?rest_route=\/wp\/v2\/pages\/225\/revisions\/226"}],"wp:attachment":[{"href":"https:\/\/traveljunky.de\/index.php?rest_route=%2Fwp%2Fv2%2Fmedia&parent=225"}],"curies":[{"name":"wp","href":"https:\/\/api.w.org\/{rel}","templated":true}]}}