{"id":122,"date":"2020-03-06T08:46:30","date_gmt":"2020-03-06T07:46:30","guid":{"rendered":"http:\/\/traveljunky.de\/?page_id=122"},"modified":"2020-03-06T08:46:30","modified_gmt":"2020-03-06T07:46:30","slug":"reisen-mit-dem-hund","status":"publish","type":"page","link":"https:\/\/traveljunky.de\/?page_id=122","title":{"rendered":"Reisen mit dem Hund"},"content":{"rendered":"\n<p>Hundebesitzer kennen das Problem: Was machen mit dem vierbeinigen Familienmitglied, wenn der Urlaub ansteht? Selbstverst\u00e4ndlich soll der Hund wenn m\u00f6glich am Urlaub teilhaben d\u00fcrfen. Nur leider l\u00e4sst sich das beim klassischen Urlaub nur schwer realisieren. Die meisten Hotels verbieten Hunde in ihren Zimmern, lange Fahrten in Bus, Bahn und engem PKW bedeuten Stress f\u00fcr die Vierbeiner.&nbsp;<\/p>\n\n\n\n<p>Im Wohnmobil dagegen k\u00f6nnen Hunde \u00fcberall hin mitfahren. Hunde reisen nach Absprache in unseren Wohnmobilen kostenlos! Dasselbe gilt f\u00fcr die meisten Campingpl\u00e4tze. Dar\u00fcber hinaus bietet ein Reisemobil wesentlich mehr Platz als ein PKW \u2013 so haben die Vierbeiner ihren eigenen R\u00fcckzugsort und f\u00fchlen sich wohl. Ganz wie zu Hause.<\/p>\n","protected":false},"excerpt":{"rendered":"<p>Hundebesitzer kennen das Problem: Was machen mit dem vierbeinigen Familienmitglied, wenn der Urlaub ansteht? Selbstverst\u00e4ndlich soll der Hund wenn m\u00f6glich am Urlaub teilhaben d\u00fcrfen. Nur leider l\u00e4sst sich das beim klassischen Urlaub nur schwer realisieren. Die meisten Hotels verbieten Hunde in ihren Zimmern, lange Fahrten &hellip; <\/p>\n","protected":false},"author":1,"featured_media":0,"parent":0,"menu_order":0,"comment_status":"closed","ping_status":"closed","template":"","meta":[],"_links":{"self":[{"href":"https:\/\/traveljunky.de\/index.php?rest_route=\/wp\/v2\/pages\/122"}],"collection":[{"href":"https:\/\/traveljunky.de\/index.php?rest_route=\/wp\/v2\/pages"}],"about":[{"href":"https:\/\/traveljunky.de\/index.php?rest_route=\/wp\/v2\/types\/page"}],"author":[{"embeddable":true,"href":"https:\/\/traveljunky.de\/index.php?rest_route=\/wp\/v2\/users\/1"}],"replies":[{"embeddable":true,"href":"https:\/\/traveljunky.de\/index.php?rest_route=%2Fwp%2Fv2%2Fcomments&post=122"}],"version-history":[{"count":1,"href":"https:\/\/traveljunky.de\/index.php?rest_route=\/wp\/v2\/pages\/122\/revisions"}],"predecessor-version":[{"id":123,"href":"https:\/\/traveljunky.de\/index.php?rest_route=\/wp\/v2\/pages\/122\/revisions\/123"}],"wp:attachment":[{"href":"https:\/\/traveljunky.de\/index.php?rest_route=%2Fwp%2Fv2%2Fmedia&parent=122"}],"curies":[{"name":"wp","href":"https:\/\/api.w.org\/{rel}","templated":true}]}}