{"id":119,"date":"2020-03-06T08:45:11","date_gmt":"2020-03-06T07:45:11","guid":{"rendered":"http:\/\/traveljunky.de\/?page_id=119"},"modified":"2020-03-06T08:45:11","modified_gmt":"2020-03-06T07:45:11","slug":"kein-problem-mit-dem-gepaeck","status":"publish","type":"page","link":"https:\/\/traveljunky.de\/?page_id=119","title":{"rendered":"Kein Problem mit dem Gep\u00e4ck"},"content":{"rendered":"\n<p>Wer im Sommerurlaub die Welt erkunden m\u00f6chte, der kennt die ewige Plagerei mit dem Gep\u00e4ck. Nach jedem Hotelaufenthalt hei\u00dft es erneut, Koffer packen und hoffen, nichts vergessen zu haben. Anschlie\u00dfend zw\u00e4ngt man sich mit Koffer, Rucksack und Co. in Auto, Bus oder Bahn und ist heilfroh, wenn der Ortswechsel endlich abgeschlossen ist.&nbsp;<\/p>\n\n\n\n<p>Keine Probleme mit dem Gep\u00e4ck verspricht der Urlaub im Wohnmobil. Anders als im Hotelzimmer k\u00f6nnen sich Camper n\u00e4mlich so richtig einrichten. Die Klamotten finden Platz im Kleiderschrank, die Snacks f\u00fcr Zwischendurch warten gut verstaut in der K\u00fcche. Und die Koffer verschwinden bis zum Ende des Urlaubs in der Heckgarage. Reisen kann kaum angenehmer sein.<\/p>\n","protected":false},"excerpt":{"rendered":"<p>Wer im Sommerurlaub die Welt erkunden m\u00f6chte, der kennt die ewige Plagerei mit dem Gep\u00e4ck. Nach jedem Hotelaufenthalt hei\u00dft es erneut, Koffer packen und hoffen, nichts vergessen zu haben. Anschlie\u00dfend zw\u00e4ngt man sich mit Koffer, Rucksack und Co. in Auto, Bus oder Bahn und ist &hellip; <\/p>\n","protected":false},"author":1,"featured_media":0,"parent":0,"menu_order":0,"comment_status":"closed","ping_status":"closed","template":"","meta":[],"_links":{"self":[{"href":"https:\/\/traveljunky.de\/index.php?rest_route=\/wp\/v2\/pages\/119"}],"collection":[{"href":"https:\/\/traveljunky.de\/index.php?rest_route=\/wp\/v2\/pages"}],"about":[{"href":"https:\/\/traveljunky.de\/index.php?rest_route=\/wp\/v2\/types\/page"}],"author":[{"embeddable":true,"href":"https:\/\/traveljunky.de\/index.php?rest_route=\/wp\/v2\/users\/1"}],"replies":[{"embeddable":true,"href":"https:\/\/traveljunky.de\/index.php?rest_route=%2Fwp%2Fv2%2Fcomments&post=119"}],"version-history":[{"count":1,"href":"https:\/\/traveljunky.de\/index.php?rest_route=\/wp\/v2\/pages\/119\/revisions"}],"predecessor-version":[{"id":120,"href":"https:\/\/traveljunky.de\/index.php?rest_route=\/wp\/v2\/pages\/119\/revisions\/120"}],"wp:attachment":[{"href":"https:\/\/traveljunky.de\/index.php?rest_route=%2Fwp%2Fv2%2Fmedia&parent=119"}],"curies":[{"name":"wp","href":"https:\/\/api.w.org\/{rel}","templated":true}]}}