{"id":115,"date":"2020-03-06T08:44:10","date_gmt":"2020-03-06T07:44:10","guid":{"rendered":"http:\/\/traveljunky.de\/?page_id=115"},"modified":"2020-03-06T08:44:10","modified_gmt":"2020-03-06T07:44:10","slug":"guenstiger-als-der-pauschalurlaub","status":"publish","type":"page","link":"https:\/\/traveljunky.de\/?page_id=115","title":{"rendered":"G\u00fcnstiger als der Pauschalurlaub"},"content":{"rendered":"\n<p>Ein Urlaub im Wohnmobil ist nicht nur spannend \u2013 er ist auch eine g\u00fcnstige Alternative zum Hotel- oder Pauschalurlaub! Der Campingurlaub macht n\u00e4mlich vor allem zu zweit oder in der Gruppe Spa\u00df. Daraus ergibt sich ein nat\u00fcrlicher Vorteil: Alle Kosten f\u00fcr die Wohnmobilmiete, Campingpl\u00e4tze und Benzin lassen sich gleichm\u00e4\u00dfig \u00fcber alle Mitreisenden verteilen.&nbsp;<\/p>\n\n\n\n<p>Viele Reisemobile bieten f\u00fcnf bis sechs Schlafpl\u00e4tze. Bei durchschnittlichen Preisen f\u00fcr Miete, Campingplatz und Benzin, k\u00f6nnen die durchschnittlichen Kosten pro \u00dcbernachtung und pro Person bei nur etwa 30 bis 40 Euro liegen \u2013 da kann kein Hotel mithalten. Wer den Urlaub on the Road genie\u00dfen m\u00f6chte, kann sich au\u00dferdem den Flug ins Reiseland sparen. Denn mit dem Wohnmobil beginnt der Urlaub schon direkt vor der Haust\u00fcre.<\/p>\n","protected":false},"excerpt":{"rendered":"<p>Ein Urlaub im Wohnmobil ist nicht nur spannend \u2013 er ist auch eine g\u00fcnstige Alternative zum Hotel- oder Pauschalurlaub! Der Campingurlaub macht n\u00e4mlich vor allem zu zweit oder in der Gruppe Spa\u00df. Daraus ergibt sich ein nat\u00fcrlicher Vorteil: Alle Kosten f\u00fcr die Wohnmobilmiete, Campingpl\u00e4tze und &hellip; <\/p>\n","protected":false},"author":1,"featured_media":0,"parent":0,"menu_order":0,"comment_status":"closed","ping_status":"closed","template":"","meta":[],"_links":{"self":[{"href":"https:\/\/traveljunky.de\/index.php?rest_route=\/wp\/v2\/pages\/115"}],"collection":[{"href":"https:\/\/traveljunky.de\/index.php?rest_route=\/wp\/v2\/pages"}],"about":[{"href":"https:\/\/traveljunky.de\/index.php?rest_route=\/wp\/v2\/types\/page"}],"author":[{"embeddable":true,"href":"https:\/\/traveljunky.de\/index.php?rest_route=\/wp\/v2\/users\/1"}],"replies":[{"embeddable":true,"href":"https:\/\/traveljunky.de\/index.php?rest_route=%2Fwp%2Fv2%2Fcomments&post=115"}],"version-history":[{"count":1,"href":"https:\/\/traveljunky.de\/index.php?rest_route=\/wp\/v2\/pages\/115\/revisions"}],"predecessor-version":[{"id":116,"href":"https:\/\/traveljunky.de\/index.php?rest_route=\/wp\/v2\/pages\/115\/revisions\/116"}],"wp:attachment":[{"href":"https:\/\/traveljunky.de\/index.php?rest_route=%2Fwp%2Fv2%2Fmedia&parent=115"}],"curies":[{"name":"wp","href":"https:\/\/api.w.org\/{rel}","templated":true}]}}