{"id":113,"date":"2020-03-06T08:43:24","date_gmt":"2020-03-06T07:43:24","guid":{"rendered":"http:\/\/traveljunky.de\/?page_id=113"},"modified":"2020-03-06T08:43:24","modified_gmt":"2020-03-06T07:43:24","slug":"sei-dein-eigener-herr","status":"publish","type":"page","link":"https:\/\/traveljunky.de\/?page_id=113","title":{"rendered":"Sei dein eigener Herr!"},"content":{"rendered":"\n<p>Jeder der schon einmal im Hotel Urlaub gemacht hat kennt das Problem: Feste Zeiten f\u00fcr Check-In, Check-Out, Fr\u00fchst\u00fcck und andere Mahlzeiten bestimmen den Tagesablauf. Wer sich f\u00fcr ein etwas g\u00fcnstigeres Hotel au\u00dferhalb der Innenstadt entschieden hat, muss sich au\u00dferdem nach den Fahrpl\u00e4nen von Bus und Bahn richten. Und ist das Hotel einmal gebucht, muss man dort seinen Urlaub auch verbringen. Ganz egal, ob es so sch\u00f6n ist wie im Katalog oder nicht.&nbsp;<\/p>\n\n\n\n<p>Im Wohnmobil bist Du als Camper dein eigener Herr. Du kannst losfahren und ankommen wann Du m\u00f6chtest und am Morgen auch mal liegen bleiben, ohne das Fr\u00fchst\u00fcck zu verpassen. Auf Bus und Bahn k\u00f6nnen Camper auch verzichten \u2013 in die Innenstadt f\u00e4hrst Du direkt mit dem Wohnzimmer. Und ist die Stadt schneller erkundet als geplant, hei\u00dft es einfach Wohnmobil satteln und weiter geht\u2019s.<\/p>\n","protected":false},"excerpt":{"rendered":"<p>Jeder der schon einmal im Hotel Urlaub gemacht hat kennt das Problem: Feste Zeiten f\u00fcr Check-In, Check-Out, Fr\u00fchst\u00fcck und andere Mahlzeiten bestimmen den Tagesablauf. Wer sich f\u00fcr ein etwas g\u00fcnstigeres Hotel au\u00dferhalb der Innenstadt entschieden hat, muss sich au\u00dferdem nach den Fahrpl\u00e4nen von Bus und &hellip; <\/p>\n","protected":false},"author":1,"featured_media":0,"parent":0,"menu_order":0,"comment_status":"closed","ping_status":"closed","template":"","meta":[],"_links":{"self":[{"href":"https:\/\/traveljunky.de\/index.php?rest_route=\/wp\/v2\/pages\/113"}],"collection":[{"href":"https:\/\/traveljunky.de\/index.php?rest_route=\/wp\/v2\/pages"}],"about":[{"href":"https:\/\/traveljunky.de\/index.php?rest_route=\/wp\/v2\/types\/page"}],"author":[{"embeddable":true,"href":"https:\/\/traveljunky.de\/index.php?rest_route=\/wp\/v2\/users\/1"}],"replies":[{"embeddable":true,"href":"https:\/\/traveljunky.de\/index.php?rest_route=%2Fwp%2Fv2%2Fcomments&post=113"}],"version-history":[{"count":1,"href":"https:\/\/traveljunky.de\/index.php?rest_route=\/wp\/v2\/pages\/113\/revisions"}],"predecessor-version":[{"id":114,"href":"https:\/\/traveljunky.de\/index.php?rest_route=\/wp\/v2\/pages\/113\/revisions\/114"}],"wp:attachment":[{"href":"https:\/\/traveljunky.de\/index.php?rest_route=%2Fwp%2Fv2%2Fmedia&parent=113"}],"curies":[{"name":"wp","href":"https:\/\/api.w.org\/{rel}","templated":true}]}}